{"id":10308,"date":"2023-06-19T08:42:51","date_gmt":"2023-06-19T06:42:51","guid":{"rendered":"https:\/\/doreme.pl\/?post_type=product&#038;p=10308"},"modified":"2026-04-17T06:07:54","modified_gmt":"2026-04-17T04:07:54","slug":"mast-pen-p30-z-zasilaczem-kopia","status":"publish","type":"product","link":"https:\/\/doreme.pl\/en\/product\/mast-pen-p30-z-zasilaczem-kopia\/","title":{"rendered":"MAST P30 Pen"},"content":{"rendered":"<p>MAST P30 Pen for permanent makeup, device for cartridges.<br \/>\nSuitable for pigmentation of eyebrows, lips, scalp, small tattoos and much more.<br \/>\nCompatible with most disposable cartridges available on the market.<\/p>\n<p>Model: WQ610-1<br \/>\nWeight: 77g<br \/>\nDiameter: 18 mm<br \/>\nLenght: 112 mm<br \/>\nNeedle pitch: 3.6mm<br \/>\nSpeed: 12800 rpm<\/p>\n<p>Cena za 1 sztuk\u0119 &#8211; sama r\u0105czka\/pen, do kt\u00f3rego wymagany jest jeszcze zasilacz steruj\u0105cy dost\u0119pny w innej ofercie<\/p>\n<p>New product, 6 months warranty.<\/p>\n<p>Producer: MAST TATTOO Supply<\/p>\n<p>Made in China<\/p>","protected":false},"excerpt":{"rendered":"<p>MAST P30 &#8211; Pen do makija\u017cu permanentnego, urz\u0105dzenie na kartrid\u017ce. Nadaj\u0105cy si\u0119 do pigmentacji brwi, ust, sk\u00f3ry g\u0142owy, ma\u0142ych tatua\u017cy i wielu innych. Kompatybilny z wi\u0119kszo\u015bci\u0105 dost\u0119pnych na rynku kartrid\u017cy&#8230;<\/p>","protected":false},"featured_media":8520,"comment_status":"open","ping_status":"closed","template":"","meta":[],"product_brand":[],"product_cat":[183,88],"product_tag":[50,51,52,179,53,180,54],"class_list":{"0":"post-10308","1":"product","2":"type-product","3":"status-publish","4":"has-post-thumbnail","6":"product_cat-mast","7":"product_cat-urzadzenia","8":"product_tag-2-shot","9":"product_tag-conc","10":"product_tag-doreme","11":"product_tag-mast","12":"product_tag-pigmenty","13":"product_tag-pmudevice","14":"product_tag-pmushop","16":"first","17":"outofstock","18":"sale","19":"shipping-taxable","20":"purchasable","21":"product-type-simple"},"jetpack_sharing_enabled":true,"_links":{"self":[{"href":"https:\/\/doreme.pl\/en\/wp-json\/wp\/v2\/product\/10308","targetHints":{"allow":["GET"]}}],"collection":[{"href":"https:\/\/doreme.pl\/en\/wp-json\/wp\/v2\/product"}],"about":[{"href":"https:\/\/doreme.pl\/en\/wp-json\/wp\/v2\/types\/product"}],"replies":[{"embeddable":true,"href":"https:\/\/doreme.pl\/en\/wp-json\/wp\/v2\/comments?post=10308"}],"wp:featuredmedia":[{"embeddable":true,"href":"https:\/\/doreme.pl\/en\/wp-json\/wp\/v2\/media\/8520"}],"wp:attachment":[{"href":"https:\/\/doreme.pl\/en\/wp-json\/wp\/v2\/media?parent=10308"}],"wp:term":[{"taxonomy":"product_brand","embeddable":true,"href":"https:\/\/doreme.pl\/en\/wp-json\/wp\/v2\/product_brand?post=10308"},{"taxonomy":"product_cat","embeddable":true,"href":"https:\/\/doreme.pl\/en\/wp-json\/wp\/v2\/product_cat?post=10308"},{"taxonomy":"product_tag","embeddable":true,"href":"https:\/\/doreme.pl\/en\/wp-json\/wp\/v2\/product_tag?post=10308"}],"curies":[{"name":"wp","href":"https:\/\/api.w.org\/{rel}","templated":true}]}}