{"id":11300,"date":"2023-11-20T11:59:11","date_gmt":"2023-11-20T10:59:11","guid":{"rendered":"https:\/\/doreme.pl\/?post_type=product&#038;p=11300"},"modified":"2026-05-03T20:02:20","modified_gmt":"2026-05-03T18:02:20","slug":"pedzelek-do-rysunku-wstepnego-kopia","status":"publish","type":"product","link":"https:\/\/doreme.pl\/en\/product\/pedzelek-do-rysunku-wstepnego-kopia\/","title":{"rendered":"P\u0119dzelek do brwi (10mm)"},"content":{"rendered":"<p>P\u0119dzelek do brwi &#8211; model A-101<\/p>\n<p>Wykonany z wysokiej jako\u015bci nylonowych w\u0142os\u00f3w, mi\u0119kki i jedwabisty w dotyku.<\/p>\n<p>Bardzo precyzyjny, pozwala na idealn\u0105 aplikacj\u0119 produkt\u00f3w do makija\u017cu.<\/p>\n<p>Nadaje si\u0119 zar\u00f3wno do u\u017cytku profesjonalnego, jak i do u\u017cytku domowego.<\/p>\n<p>D\u0142ugo\u015b\u0107 ca\u0142kowita 144mm, d\u0142ugo\u015b\u0107 w\u0142osa 7mm, szeroko\u015b\u0107 p\u0119dzelka 10mm.<\/p>\n<p>Price for 1 piece<\/p>\n<p>Made in China<\/p>","protected":false},"excerpt":{"rendered":"<p>P\u0119dzelek do brwi &#8211; model A-101 Wykonany z wysokiej jako\u015bci nylonowych w\u0142os\u00f3w, mi\u0119kki i jedwabisty w dotyku. Bardzo precyzyjny, pozwala na idealn\u0105 aplikacj\u0119 produkt\u00f3w do makija\u017cu. Nadaje si\u0119 zar\u00f3wno do&#8230;<\/p>","protected":false},"featured_media":11301,"comment_status":"open","ping_status":"closed","template":"","meta":[],"product_brand":[],"product_cat":[81,94,112],"product_tag":[50,51,52,53,54],"class_list":{"0":"post-11300","1":"product","2":"type-product","3":"status-publish","4":"has-post-thumbnail","6":"product_cat-akcesoria","7":"product_cat-rysunek-wstepny","8":"product_cat-nowosci","9":"product_tag-2-shot","10":"product_tag-conc","11":"product_tag-doreme","12":"product_tag-pigmenty","13":"product_tag-pmushop","15":"first","16":"instock","17":"shipping-taxable","18":"purchasable","19":"product-type-simple"},"jetpack_sharing_enabled":true,"_links":{"self":[{"href":"https:\/\/doreme.pl\/en\/wp-json\/wp\/v2\/product\/11300","targetHints":{"allow":["GET"]}}],"collection":[{"href":"https:\/\/doreme.pl\/en\/wp-json\/wp\/v2\/product"}],"about":[{"href":"https:\/\/doreme.pl\/en\/wp-json\/wp\/v2\/types\/product"}],"replies":[{"embeddable":true,"href":"https:\/\/doreme.pl\/en\/wp-json\/wp\/v2\/comments?post=11300"}],"wp:featuredmedia":[{"embeddable":true,"href":"https:\/\/doreme.pl\/en\/wp-json\/wp\/v2\/media\/11301"}],"wp:attachment":[{"href":"https:\/\/doreme.pl\/en\/wp-json\/wp\/v2\/media?parent=11300"}],"wp:term":[{"taxonomy":"product_brand","embeddable":true,"href":"https:\/\/doreme.pl\/en\/wp-json\/wp\/v2\/product_brand?post=11300"},{"taxonomy":"product_cat","embeddable":true,"href":"https:\/\/doreme.pl\/en\/wp-json\/wp\/v2\/product_cat?post=11300"},{"taxonomy":"product_tag","embeddable":true,"href":"https:\/\/doreme.pl\/en\/wp-json\/wp\/v2\/product_tag?post=11300"}],"curies":[{"name":"wp","href":"https:\/\/api.w.org\/{rel}","templated":true}]}}