{"id":11924,"date":"2024-02-20T11:14:23","date_gmt":"2024-02-20T10:14:23","guid":{"rendered":"https:\/\/doreme.pl\/?post_type=product&#038;p=11924"},"modified":"2025-12-11T13:56:02","modified_gmt":"2025-12-11T12:56:02","slug":"kartridz-1rl-0-40-gwint","status":"publish","type":"product","link":"https:\/\/doreme.pl\/en\/product\/kartridz-1rl-0-40-gwint\/","title":{"rendered":"Kartrid\u017c 1RL 0.40 (gwint)"},"content":{"rendered":"<p>Kartrid\u017c 1RL, rozmiar ig\u0142y 0,40 mm, do r\u0105czek z gwintem do mocowania kartrid\u017ca<\/p>\n<p>UWAGA TERMIN PRZYDATNO\u015aCI: 22.05.2024<\/p>\n<p>For permanent makeup<\/p>\n<p>Disposable product, sterilized with EO gas<\/p>\n<p>price for 1 piece<\/p>\n<div>For professional use only<\/div>\n<div>Keep away from children<\/div>\n<div>Dispose of after use<\/div>\n<p>Made in China<\/p>","protected":false},"excerpt":{"rendered":"<p>Kartrid\u017c 1RL, rozmiar ig\u0142y 0,40 mm, do r\u0105czek z gwintem do mocowania kartrid\u017ca UWAGA TERMIN PRZYDATNO\u015aCI: 22.05.2024 Do wykonywania makija\u017cu permanentnego Produkt jednorazowy, sterylizowany gazem EO cena za 1 sztuk\u0119&#8230;<\/p>","protected":false},"featured_media":11925,"comment_status":"open","ping_status":"closed","template":"","meta":[],"product_brand":[],"product_cat":[81,103],"product_tag":[50,106,51,52,104,108,111,53,54],"class_list":{"0":"post-11924","1":"product","2":"type-product","3":"status-publish","4":"has-post-thumbnail","6":"product_cat-akcesoria","7":"product_cat-kartridze","8":"product_tag-2-shot","9":"product_tag-bbglow","10":"product_tag-conc","11":"product_tag-doreme","12":"product_tag-kartridz","13":"product_tag-meso","14":"product_tag-nano","15":"product_tag-pigmenty","16":"product_tag-pmushop","18":"first","19":"instock","20":"shipping-taxable","21":"purchasable","22":"product-type-simple"},"jetpack_sharing_enabled":true,"_links":{"self":[{"href":"https:\/\/doreme.pl\/en\/wp-json\/wp\/v2\/product\/11924","targetHints":{"allow":["GET"]}}],"collection":[{"href":"https:\/\/doreme.pl\/en\/wp-json\/wp\/v2\/product"}],"about":[{"href":"https:\/\/doreme.pl\/en\/wp-json\/wp\/v2\/types\/product"}],"replies":[{"embeddable":true,"href":"https:\/\/doreme.pl\/en\/wp-json\/wp\/v2\/comments?post=11924"}],"wp:featuredmedia":[{"embeddable":true,"href":"https:\/\/doreme.pl\/en\/wp-json\/wp\/v2\/media\/11925"}],"wp:attachment":[{"href":"https:\/\/doreme.pl\/en\/wp-json\/wp\/v2\/media?parent=11924"}],"wp:term":[{"taxonomy":"product_brand","embeddable":true,"href":"https:\/\/doreme.pl\/en\/wp-json\/wp\/v2\/product_brand?post=11924"},{"taxonomy":"product_cat","embeddable":true,"href":"https:\/\/doreme.pl\/en\/wp-json\/wp\/v2\/product_cat?post=11924"},{"taxonomy":"product_tag","embeddable":true,"href":"https:\/\/doreme.pl\/en\/wp-json\/wp\/v2\/product_tag?post=11924"}],"curies":[{"name":"wp","href":"https:\/\/api.w.org\/{rel}","templated":true}]}}