{"id":12403,"date":"2024-05-06T08:44:51","date_gmt":"2024-05-06T06:44:51","guid":{"rendered":"https:\/\/doreme.pl\/?post_type=product&#038;p=12403"},"modified":"2025-01-10T11:29:45","modified_gmt":"2025-01-10T10:29:45","slug":"kartridz-1rl-025-gwint","status":"publish","type":"product","link":"https:\/\/doreme.pl\/en\/product\/kartridz-1rl-025-gwint\/","title":{"rendered":"Kartrid\u017c 1RL (0,25) gwint"},"content":{"rendered":"<p>Kartrid\u017c 1RL (1 Liner) 0,25 mm wkr\u0119cany &#8211; do urz\u0105dze\u0144, kt\u00f3rych r\u0105czka posiada gwint do przykr\u0119cania kartrid\u017cy.<\/p>\n<p>For permanent makeup<\/p>\n<p>Disposable product, sterilized with EO gas<\/p>\n<p>price for 1 piece<\/p>\n<div>For professional use only<\/div>\n<div>Keep away from children<\/div>\n<div>Dispose of after use<\/div>\n<div><\/div>\n<div>Producer: AnHui ShangDi Cosmetics Co.,Ltd,<\/div>\n<div>Importer: www.doreme.pl, ul. Strzelecka 3\/1, 72-300 Gryfice<\/div>\n<p>Made in China<\/p>","protected":false},"excerpt":{"rendered":"<p>Kartrid\u017c 1RL (1 Liner) 0,25 mm wkr\u0119cany &#8211; do urz\u0105dze\u0144, kt\u00f3rych r\u0105czka posiada gwint do przykr\u0119cania kartrid\u017cy. Do wykonywania makija\u017cu permanentnego Produkt jednorazowy, sterylizowany gazem EO cena za 1 sztuk\u0119&#8230;<\/p>","protected":false},"featured_media":9978,"comment_status":"open","ping_status":"closed","template":"","meta":[],"product_brand":[],"product_cat":[81,103],"product_tag":[50,106,51,52,104,108,111,53,54],"class_list":{"0":"post-12403","1":"product","2":"type-product","3":"status-publish","4":"has-post-thumbnail","6":"product_cat-akcesoria","7":"product_cat-kartridze","8":"product_tag-2-shot","9":"product_tag-bbglow","10":"product_tag-conc","11":"product_tag-doreme","12":"product_tag-kartridz","13":"product_tag-meso","14":"product_tag-nano","15":"product_tag-pigmenty","16":"product_tag-pmushop","18":"first","19":"outofstock","20":"shipping-taxable","21":"purchasable","22":"product-type-simple"},"jetpack_sharing_enabled":true,"_links":{"self":[{"href":"https:\/\/doreme.pl\/en\/wp-json\/wp\/v2\/product\/12403","targetHints":{"allow":["GET"]}}],"collection":[{"href":"https:\/\/doreme.pl\/en\/wp-json\/wp\/v2\/product"}],"about":[{"href":"https:\/\/doreme.pl\/en\/wp-json\/wp\/v2\/types\/product"}],"replies":[{"embeddable":true,"href":"https:\/\/doreme.pl\/en\/wp-json\/wp\/v2\/comments?post=12403"}],"wp:featuredmedia":[{"embeddable":true,"href":"https:\/\/doreme.pl\/en\/wp-json\/wp\/v2\/media\/9978"}],"wp:attachment":[{"href":"https:\/\/doreme.pl\/en\/wp-json\/wp\/v2\/media?parent=12403"}],"wp:term":[{"taxonomy":"product_brand","embeddable":true,"href":"https:\/\/doreme.pl\/en\/wp-json\/wp\/v2\/product_brand?post=12403"},{"taxonomy":"product_cat","embeddable":true,"href":"https:\/\/doreme.pl\/en\/wp-json\/wp\/v2\/product_cat?post=12403"},{"taxonomy":"product_tag","embeddable":true,"href":"https:\/\/doreme.pl\/en\/wp-json\/wp\/v2\/product_tag?post=12403"}],"curies":[{"name":"wp","href":"https:\/\/api.w.org\/{rel}","templated":true}]}}