{"id":12407,"date":"2024-05-06T10:30:58","date_gmt":"2024-05-06T08:30:58","guid":{"rendered":"https:\/\/doreme.pl\/?post_type=product&#038;p=12407"},"modified":"2025-10-27T20:25:47","modified_gmt":"2025-10-27T19:25:47","slug":"kartridz-bmx-1r-0-25-nano","status":"publish","type":"product","link":"https:\/\/doreme.pl\/en\/product\/kartridz-bmx-1r-0-25-nano\/","title":{"rendered":"Kartrid\u017c BMX 1R-0.25 NANO"},"content":{"rendered":"<p>Kartrid\u017c 1R, rozmiar ig\u0142y 0,25 mm NANO wkr\u0119cany, do r\u0105czek z gwintem.<br \/>\nFor permanent makeup.<\/p>\n<p>Disposable product, sterilized with EO gas<\/p>\n<p>Price for 1 piece<\/p>\n<div>For professional use only<\/div>\n<div>Keep away from children<\/div>\n<div>Dispose of after use<\/div>\n<div>\n<p>Producer: Biomaser Technology Co.,ltd<\/p>\n<p>Made in China<\/p>\n<\/div>","protected":false},"excerpt":{"rendered":"<p>1R-TS cartridge, needle size 0.25 mm with metal nozzle.<\/p>","protected":false},"featured_media":12408,"comment_status":"open","ping_status":"closed","template":"","meta":[],"product_brand":[],"product_cat":[81,103,112],"product_tag":[50,106,51,52,104,108,111,53,54],"class_list":{"0":"post-12407","1":"product","2":"type-product","3":"status-publish","4":"has-post-thumbnail","6":"product_cat-akcesoria","7":"product_cat-kartridze","8":"product_cat-nowosci","9":"product_tag-2-shot","10":"product_tag-bbglow","11":"product_tag-conc","12":"product_tag-doreme","13":"product_tag-kartridz","14":"product_tag-meso","15":"product_tag-nano","16":"product_tag-pigmenty","17":"product_tag-pmushop","19":"first","20":"instock","21":"shipping-taxable","22":"purchasable","23":"product-type-simple"},"jetpack_sharing_enabled":true,"_links":{"self":[{"href":"https:\/\/doreme.pl\/en\/wp-json\/wp\/v2\/product\/12407","targetHints":{"allow":["GET"]}}],"collection":[{"href":"https:\/\/doreme.pl\/en\/wp-json\/wp\/v2\/product"}],"about":[{"href":"https:\/\/doreme.pl\/en\/wp-json\/wp\/v2\/types\/product"}],"replies":[{"embeddable":true,"href":"https:\/\/doreme.pl\/en\/wp-json\/wp\/v2\/comments?post=12407"}],"wp:featuredmedia":[{"embeddable":true,"href":"https:\/\/doreme.pl\/en\/wp-json\/wp\/v2\/media\/12408"}],"wp:attachment":[{"href":"https:\/\/doreme.pl\/en\/wp-json\/wp\/v2\/media?parent=12407"}],"wp:term":[{"taxonomy":"product_brand","embeddable":true,"href":"https:\/\/doreme.pl\/en\/wp-json\/wp\/v2\/product_brand?post=12407"},{"taxonomy":"product_cat","embeddable":true,"href":"https:\/\/doreme.pl\/en\/wp-json\/wp\/v2\/product_cat?post=12407"},{"taxonomy":"product_tag","embeddable":true,"href":"https:\/\/doreme.pl\/en\/wp-json\/wp\/v2\/product_tag?post=12407"}],"curies":[{"name":"wp","href":"https:\/\/api.w.org\/{rel}","templated":true}]}}