{"id":12446,"date":"2024-05-09T12:47:45","date_gmt":"2024-05-09T10:47:45","guid":{"rendered":"https:\/\/doreme.pl\/?post_type=product&#038;p=12446"},"modified":"2026-02-02T09:59:56","modified_gmt":"2026-02-02T08:59:56","slug":"mast-tour-y-22","status":"publish","type":"product","link":"https:\/\/doreme.pl\/en\/product\/mast-tour-y-22\/","title":{"rendered":"MAST TOUR Y-22 (dwie baterie)"},"content":{"rendered":"<p>MAST TOUR Y-22 (WQP-007)<\/p>\n<p>Bezprzewodowy pen do makija\u017cu permanentnego, z dodatkow\u0105 bateri\u0105, urz\u0105dzenie na kartrid\u017ce.<br \/>\nSuitable for pigmentation of eyebrows, lips, scalp, small tattoos and much more.<br \/>\nWyposa\u017cony w unikalny i innowacyjny silnik bezrdzeniowy, zwi\u0119kszaj\u0105cy jego og\u00f3ln\u0105 \u017cywotno\u015b\u0107.<\/p>\n<p>Mast Tour Y22 to jednocze\u015bnie bezprzewodowa maszynka rotacyjna do tatua\u017cu\/makija\u017cu permanentnego, wyposa\u017cona w wysokiej jako\u015bci przeno\u015bny zasilacz, oraz klasyczna r\u0119koje\u015b\u0107 z wtyczk\u0105 RCA, kt\u00f3ra w razie potrzeby mo\u017ce by\u0107 pod\u0142\u0105czona do zewn\u0119trznego bloku steruj\u0105cego. Czas \u0142adowania oko\u0142o 2 godziny, czas pracy oko\u0142o 4 godziny. Zapasowa bateria zapewnia spokojn\u0105 prac\u0119 przez ca\u0142y dzie\u0144.<\/p>\n<p>Moc silnika: 8V\/10000 rpm<br \/>\nNapi\u0119cie wej\u015bciowe: AC100-240V ~ 50\/60HZ DC9\/2A<br \/>\nNapi\u0119cie pracy: 5V &#8211; 12V<br \/>\nBateria: 1200mAh<br \/>\nSkok ig\u0142y: 3mm<br \/>\nD\u0142ugo\u015b\u0107 r\u0105czki: 153mm<br \/>\n\u015arednica r\u0105czki: 23,5mm<br \/>\nWaga: 138g<\/p>\n<p>Gwarancja 12 m-cy<\/p>\n<p>Zestaw zawiera pen Tour Y22, dwie baterie, przew\u00f3d do \u0142adowania baterii oraz przew\u00f3d RCA &#8211; Jack 6,3 do po\u0142\u0105czenia r\u0105czki ze sterownikiem w razie wyczerpania si\u0119 baterii.<\/p>\n<p>Cena za 1 zestaw<\/p>\n<p>New product, 12 months warranty.<\/p>\n<p>Producer: MAST TATTOO Supply<\/p>\n<p>Made in China<\/p>","protected":false},"excerpt":{"rendered":"<p>Bezprzewodowy pen do makija\u017cu permanentnego, z dodatkow\u0105 bateri\u0105 w zestawie.<\/p>","protected":false},"featured_media":12447,"comment_status":"open","ping_status":"closed","template":"","meta":[],"product_brand":[],"product_cat":[183,88],"product_tag":[50,51,52,179,53,180,54],"class_list":{"0":"post-12446","1":"product","2":"type-product","3":"status-publish","4":"has-post-thumbnail","6":"product_cat-mast","7":"product_cat-urzadzenia","8":"product_tag-2-shot","9":"product_tag-conc","10":"product_tag-doreme","11":"product_tag-mast","12":"product_tag-pigmenty","13":"product_tag-pmudevice","14":"product_tag-pmushop","16":"first","17":"instock","18":"sale","19":"shipping-taxable","20":"purchasable","21":"product-type-simple"},"jetpack_sharing_enabled":true,"_links":{"self":[{"href":"https:\/\/doreme.pl\/en\/wp-json\/wp\/v2\/product\/12446","targetHints":{"allow":["GET"]}}],"collection":[{"href":"https:\/\/doreme.pl\/en\/wp-json\/wp\/v2\/product"}],"about":[{"href":"https:\/\/doreme.pl\/en\/wp-json\/wp\/v2\/types\/product"}],"replies":[{"embeddable":true,"href":"https:\/\/doreme.pl\/en\/wp-json\/wp\/v2\/comments?post=12446"}],"wp:featuredmedia":[{"embeddable":true,"href":"https:\/\/doreme.pl\/en\/wp-json\/wp\/v2\/media\/12447"}],"wp:attachment":[{"href":"https:\/\/doreme.pl\/en\/wp-json\/wp\/v2\/media?parent=12446"}],"wp:term":[{"taxonomy":"product_brand","embeddable":true,"href":"https:\/\/doreme.pl\/en\/wp-json\/wp\/v2\/product_brand?post=12446"},{"taxonomy":"product_cat","embeddable":true,"href":"https:\/\/doreme.pl\/en\/wp-json\/wp\/v2\/product_cat?post=12446"},{"taxonomy":"product_tag","embeddable":true,"href":"https:\/\/doreme.pl\/en\/wp-json\/wp\/v2\/product_tag?post=12446"}],"curies":[{"name":"wp","href":"https:\/\/api.w.org\/{rel}","templated":true}]}}