{"id":12731,"date":"2024-07-29T09:56:46","date_gmt":"2024-07-29T07:56:46","guid":{"rendered":"https:\/\/doreme.pl\/?post_type=product&#038;p=12731"},"modified":"2026-03-27T11:05:51","modified_gmt":"2026-03-27T10:05:51","slug":"kartridz-mast-smp-max-0803rl-1szt","status":"publish","type":"product","link":"https:\/\/doreme.pl\/en\/product\/kartridz-mast-smp-max-0803rl-1szt\/","title":{"rendered":"Kartrid\u017c MAST SMP MAX 0803RL (1szt)"},"content":{"rendered":"<p>Kartrid\u017c MAST SMP MAX 3RL, grubo\u015b\u0107 ig\u0142y 0,25mm<\/p>\n<p>Model: 0803RL (SMP)<\/p>\n<p>Kartrid\u017c specjalnie zaprojektowane do mikropigmentacji sk\u00f3ry g\u0142owy ale r\u00f3wnie dobrze sprawdzaj\u0105ce si\u0119 w makija\u017cu permanentnym.<br \/>\nZintegrowany system ig\u0142y z nasadk\u0105 (modu\u0142), kt\u00f3ry zapewnia zachowanie bezpiecze\u0144stwa i higieny podczas zabiegu z dodatkow\u0105 nak\u0142adk\u0105, kt\u00f3ra pozwala utrzyma\u0107 sta\u0142\u0105 g\u0142\u0119boko\u015b\u0107 nak\u0142ucia sk\u00f3ry.<br \/>\nEach cartridge has a serial number and a date of manufacture and expiration.<br \/>\nSterilized with E.O. gas, 5 years sterilization validity.<\/p>\n<p>cena za 1 sztuk\u0119, w opakowaniu 20 sztuk<\/p>\n<div>For professional use only<\/div>\n<div>Keep away from children<\/div>\n<div>Disposable product, dispose of after use<\/div>\n<div>Made in China<\/div>","protected":false},"excerpt":{"rendered":"<p>Kartrid\u017c MAST SMP MAX 3RL, grubo\u015b\u0107 ig\u0142y 0,25mm Model: 0803RL (SMP) Kartrid\u017c specjalnie zaprojektowane do mikropigmentacji sk\u00f3ry g\u0142owy ale r\u00f3wnie dobrze sprawdzaj\u0105ce si\u0119 w makija\u017cu permanentnym. Zintegrowany system ig\u0142y z&#8230;<\/p>","protected":false},"featured_media":12730,"comment_status":"open","ping_status":"closed","template":"","meta":[],"product_brand":[],"product_cat":[183,81,103],"product_tag":[50,106,51,52,104,179,108,111,53,54],"class_list":{"0":"post-12731","1":"product","2":"type-product","3":"status-publish","4":"has-post-thumbnail","6":"product_cat-mast","7":"product_cat-akcesoria","8":"product_cat-kartridze","9":"product_tag-2-shot","10":"product_tag-bbglow","11":"product_tag-conc","12":"product_tag-doreme","13":"product_tag-kartridz","14":"product_tag-mast","15":"product_tag-meso","16":"product_tag-nano","17":"product_tag-pigmenty","18":"product_tag-pmushop","20":"first","21":"instock","22":"shipping-taxable","23":"purchasable","24":"product-type-simple"},"jetpack_sharing_enabled":true,"_links":{"self":[{"href":"https:\/\/doreme.pl\/en\/wp-json\/wp\/v2\/product\/12731","targetHints":{"allow":["GET"]}}],"collection":[{"href":"https:\/\/doreme.pl\/en\/wp-json\/wp\/v2\/product"}],"about":[{"href":"https:\/\/doreme.pl\/en\/wp-json\/wp\/v2\/types\/product"}],"replies":[{"embeddable":true,"href":"https:\/\/doreme.pl\/en\/wp-json\/wp\/v2\/comments?post=12731"}],"wp:featuredmedia":[{"embeddable":true,"href":"https:\/\/doreme.pl\/en\/wp-json\/wp\/v2\/media\/12730"}],"wp:attachment":[{"href":"https:\/\/doreme.pl\/en\/wp-json\/wp\/v2\/media?parent=12731"}],"wp:term":[{"taxonomy":"product_brand","embeddable":true,"href":"https:\/\/doreme.pl\/en\/wp-json\/wp\/v2\/product_brand?post=12731"},{"taxonomy":"product_cat","embeddable":true,"href":"https:\/\/doreme.pl\/en\/wp-json\/wp\/v2\/product_cat?post=12731"},{"taxonomy":"product_tag","embeddable":true,"href":"https:\/\/doreme.pl\/en\/wp-json\/wp\/v2\/product_tag?post=12731"}],"curies":[{"name":"wp","href":"https:\/\/api.w.org\/{rel}","templated":true}]}}