{"id":7279,"date":"2022-10-11T16:27:23","date_gmt":"2022-10-11T14:27:23","guid":{"rendered":"https:\/\/doreme.pl\/?post_type=product&#038;p=7279"},"modified":"2025-11-07T10:14:24","modified_gmt":"2025-11-07T09:14:24","slug":"313-innocence","status":"publish","type":"product","link":"https:\/\/doreme.pl\/en\/product\/313-innocence\/","title":{"rendered":"313 Innocence"},"content":{"rendered":"<p>Pigment Doreme &#8211; 313 Innocence<\/p>\n<p>Mixture for use in tattoos or permanent makeup<\/p>\n<p>Capacity 15ml<\/p>\n<p>Ingredients: Water, Glycerin, Ethyl Alcohol, CI 77891, CI 77492, CI 77499, CI 77491<\/p>\n<p><strong>For professional use only.<br \/>\n<\/strong><strong>By purchasing you declare that you are a cosmetologist or a person authorized to use the above-mentioned preparations<\/strong><\/p>\n<p>All cosmetics are registered and marketed in the European Union in accordance with Regulation (EC) No 1223\/2009 of the European Parliament and of the Council of November 3, 2009 on cosmetic products.<\/p>\n<p>Importer: www.doreme.pl, ul. Strzelecka 3\/1, 72-300 Gryfice Tel. +48 736 600 995<br \/>\nCountry of Origin: South Korea<\/p>","protected":false},"excerpt":{"rendered":"<p style=\"text-align: justify;\">Jasny, pudrowy, zimny odcie\u0144 r\u00f3\u017cu. Polecany do rozja\u015bniania i cieniowania makija\u017cy.<br \/>\nNie stosowa\u0107 samodzielnie!<br \/>\n<img loading=\"lazy\" decoding=\"async\" class=\"n3VNCb KAlRDb\" src=\"https:\/\/cdn.webshopapp.com\/shops\/314199\/files\/392010372\/reach2.jpg\" alt=\"EU REACH 2022 GOEDGEKEURD INKS - Dasha Tattoo\" width=\"180\" height=\"65\" data-noaft=\"1\" \/><br \/>\n[button color=\"undefined\" hover_text_color_override=\"undefined\" url=\"https:\/\/doreme.pl\/wp-content\/uploads\/2022\/10\/DOREME-313403405407501503505507509601_25022022.pdf\" text=\"KARTA CHARAKTERYSTYKI\" color_override=\"#4d362e\"]<\/p>","protected":false},"featured_media":7338,"comment_status":"open","ping_status":"closed","template":"","meta":[],"product_brand":[],"product_cat":[71,76],"product_tag":[50,51,52,53,54],"class_list":{"0":"post-7279","1":"product","2":"type-product","3":"status-publish","4":"has-post-thumbnail","6":"product_cat-doreme-pigmenty","7":"product_cat-lip-liquid","8":"product_tag-2-shot","9":"product_tag-conc","10":"product_tag-doreme","11":"product_tag-pigmenty","12":"product_tag-pmushop","14":"first","15":"instock","16":"shipping-taxable","17":"purchasable","18":"product-type-simple"},"jetpack_sharing_enabled":true,"_links":{"self":[{"href":"https:\/\/doreme.pl\/en\/wp-json\/wp\/v2\/product\/7279","targetHints":{"allow":["GET"]}}],"collection":[{"href":"https:\/\/doreme.pl\/en\/wp-json\/wp\/v2\/product"}],"about":[{"href":"https:\/\/doreme.pl\/en\/wp-json\/wp\/v2\/types\/product"}],"replies":[{"embeddable":true,"href":"https:\/\/doreme.pl\/en\/wp-json\/wp\/v2\/comments?post=7279"}],"wp:featuredmedia":[{"embeddable":true,"href":"https:\/\/doreme.pl\/en\/wp-json\/wp\/v2\/media\/7338"}],"wp:attachment":[{"href":"https:\/\/doreme.pl\/en\/wp-json\/wp\/v2\/media?parent=7279"}],"wp:term":[{"taxonomy":"product_brand","embeddable":true,"href":"https:\/\/doreme.pl\/en\/wp-json\/wp\/v2\/product_brand?post=7279"},{"taxonomy":"product_cat","embeddable":true,"href":"https:\/\/doreme.pl\/en\/wp-json\/wp\/v2\/product_cat?post=7279"},{"taxonomy":"product_tag","embeddable":true,"href":"https:\/\/doreme.pl\/en\/wp-json\/wp\/v2\/product_tag?post=7279"}],"curies":[{"name":"wp","href":"https:\/\/api.w.org\/{rel}","templated":true}]}}