{"id":7600,"date":"2022-10-11T17:00:07","date_gmt":"2022-10-11T15:00:07","guid":{"rendered":"https:\/\/doreme.pl\/?post_type=product&#038;p=7600"},"modified":"2024-12-16T11:32:36","modified_gmt":"2024-12-16T10:32:36","slug":"pedzelek-do-rysunku-wstepnego","status":"publish","type":"product","link":"https:\/\/doreme.pl\/en\/product\/pedzelek-do-rysunku-wstepnego\/","title":{"rendered":"Pre-drawing brush"},"content":{"rendered":"<p>Brush for preliminary drawing before permanent makeup.<\/p>\n<p>Price for 1 piece<\/p>\n<p>Made in China<\/p>","protected":false},"excerpt":{"rendered":"<p>P\u0119dzelek do rysunku wst\u0119pnego przed wykonaniem makija\u017cu permanentnego. Cena za 1 sztuk\u0119 Wyprodukowano w Chinach<\/p>","protected":false},"featured_media":7642,"comment_status":"open","ping_status":"closed","template":"","meta":[],"product_brand":[],"product_cat":[81,94],"product_tag":[50,51,52,53,54],"class_list":{"0":"post-7600","1":"product","2":"type-product","3":"status-publish","4":"has-post-thumbnail","6":"product_cat-akcesoria","7":"product_cat-rysunek-wstepny","8":"product_tag-2-shot","9":"product_tag-conc","10":"product_tag-doreme","11":"product_tag-pigmenty","12":"product_tag-pmushop","14":"first","15":"instock","16":"shipping-taxable","17":"purchasable","18":"product-type-simple"},"jetpack_sharing_enabled":true,"_links":{"self":[{"href":"https:\/\/doreme.pl\/en\/wp-json\/wp\/v2\/product\/7600","targetHints":{"allow":["GET"]}}],"collection":[{"href":"https:\/\/doreme.pl\/en\/wp-json\/wp\/v2\/product"}],"about":[{"href":"https:\/\/doreme.pl\/en\/wp-json\/wp\/v2\/types\/product"}],"replies":[{"embeddable":true,"href":"https:\/\/doreme.pl\/en\/wp-json\/wp\/v2\/comments?post=7600"}],"wp:featuredmedia":[{"embeddable":true,"href":"https:\/\/doreme.pl\/en\/wp-json\/wp\/v2\/media\/7642"}],"wp:attachment":[{"href":"https:\/\/doreme.pl\/en\/wp-json\/wp\/v2\/media?parent=7600"}],"wp:term":[{"taxonomy":"product_brand","embeddable":true,"href":"https:\/\/doreme.pl\/en\/wp-json\/wp\/v2\/product_brand?post=7600"},{"taxonomy":"product_cat","embeddable":true,"href":"https:\/\/doreme.pl\/en\/wp-json\/wp\/v2\/product_cat?post=7600"},{"taxonomy":"product_tag","embeddable":true,"href":"https:\/\/doreme.pl\/en\/wp-json\/wp\/v2\/product_tag?post=7600"}],"curies":[{"name":"wp","href":"https:\/\/api.w.org\/{rel}","templated":true}]}}