{"id":7648,"date":"2022-10-11T17:01:00","date_gmt":"2022-10-11T15:01:00","guid":{"rendered":"https:\/\/doreme.pl\/?post_type=product&#038;p=7648"},"modified":"2025-07-02T21:59:21","modified_gmt":"2025-07-02T19:59:21","slug":"pen-do-mezoterapii-mikroiglowej-mts","status":"publish","type":"product","link":"https:\/\/doreme.pl\/en\/product\/pen-do-mezoterapii-mikroiglowej-mts\/","title":{"rendered":"Pen for MTS microneedle mesotherapy"},"content":{"rendered":"<p>Microneedle mesotherapy device, wireless.<\/p>\n<p>It has 5 speed levels and an adjustable needle length and puncture depth scale.<\/p>\n<p>The set includes two cartridges and a charger with a power cord.<\/p>\n<p>The device is CE certified.<\/p>\n<p>12 months warranty.<\/p>\n<p>Made in China<\/p>","protected":false},"excerpt":{"rendered":"<p>Urz\u0105dzenie do mezoterapii mikroig\u0142owej , bezprzewodowe. Posiada 5 stopni pr\u0119dko\u015bci i regulowan\u0105 skal\u0119 d\u0142ugo\u015bci igie\u0142 i g\u0142\u0119boko\u015bci nak\u0142u\u0107. W zestawie dwa kartrid\u017ce i \u0142adowarka z przewodem zasilaj\u0105cym. Urz\u0105dzenie posiada certyfikat&#8230;<\/p>","protected":false},"featured_media":8590,"comment_status":"open","ping_status":"closed","template":"","meta":[],"product_brand":[],"product_cat":[88],"product_tag":[50,106,51,52,108,109,53,101,54],"class_list":{"0":"post-7648","1":"product","2":"type-product","3":"status-publish","4":"has-post-thumbnail","6":"product_cat-urzadzenia","7":"product_tag-2-shot","8":"product_tag-bbglow","9":"product_tag-conc","10":"product_tag-doreme","11":"product_tag-meso","12":"product_tag-mezoterapia","13":"product_tag-pigmenty","14":"product_tag-pmu","15":"product_tag-pmushop","17":"first","18":"instock","19":"sale","20":"shipping-taxable","21":"purchasable","22":"product-type-simple"},"jetpack_sharing_enabled":true,"_links":{"self":[{"href":"https:\/\/doreme.pl\/en\/wp-json\/wp\/v2\/product\/7648","targetHints":{"allow":["GET"]}}],"collection":[{"href":"https:\/\/doreme.pl\/en\/wp-json\/wp\/v2\/product"}],"about":[{"href":"https:\/\/doreme.pl\/en\/wp-json\/wp\/v2\/types\/product"}],"replies":[{"embeddable":true,"href":"https:\/\/doreme.pl\/en\/wp-json\/wp\/v2\/comments?post=7648"}],"wp:featuredmedia":[{"embeddable":true,"href":"https:\/\/doreme.pl\/en\/wp-json\/wp\/v2\/media\/8590"}],"wp:attachment":[{"href":"https:\/\/doreme.pl\/en\/wp-json\/wp\/v2\/media?parent=7648"}],"wp:term":[{"taxonomy":"product_brand","embeddable":true,"href":"https:\/\/doreme.pl\/en\/wp-json\/wp\/v2\/product_brand?post=7648"},{"taxonomy":"product_cat","embeddable":true,"href":"https:\/\/doreme.pl\/en\/wp-json\/wp\/v2\/product_cat?post=7648"},{"taxonomy":"product_tag","embeddable":true,"href":"https:\/\/doreme.pl\/en\/wp-json\/wp\/v2\/product_tag?post=7648"}],"curies":[{"name":"wp","href":"https:\/\/api.w.org\/{rel}","templated":true}]}}