{"id":7651,"date":"2022-10-11T17:01:01","date_gmt":"2022-10-11T15:01:01","guid":{"rendered":"https:\/\/doreme.pl\/?post_type=product&#038;p=7651"},"modified":"2025-01-09T11:36:45","modified_gmt":"2025-01-09T10:36:45","slug":"kartridz-36","status":"publish","type":"product","link":"https:\/\/doreme.pl\/en\/product\/kartridz-36\/","title":{"rendered":"Cartridge (36)"},"content":{"rendered":"<p>Cartridge (36)<\/p>\n<div>price for 1 piece<\/div>\n<div><\/div>\n<div>Cartridge for facial cosmetic treatments suitable for DermaPen devices<\/div>\n<div>Disposable product, sterilized with EO gas<\/div>\n<div>For professional use only<\/div>\n<div>Keep away from children<\/div>\n<div>Dispose of after use<\/div>\n<div>Producer: AnHui ShangDi Cosmetics Co.,Ltd,<\/div>\n<div>Importer: K-Beauty, ul. Strzelecka 3\/1, 72-300 Gryfice<\/div>\n<div>Made in China<\/div>\n<p>&nbsp;<\/p>","protected":false},"excerpt":{"rendered":"<p>Kartrid\u017c 36 cena za 1 sztuk\u0119 Kartrid\u017c do zabieg\u00f3w kosmetycznych twarzy pasuj\u0105cy do urz\u0105dze\u0144 typu DermaPen Produkt jednorazowy, sterylizowany gazem EO Do u\u017cytku profesjonalnego Chroni\u0107 przed dzie\u0107mi Po u\u017cyciu podda\u0107&#8230;<\/p>","protected":false},"featured_media":7707,"comment_status":"open","ping_status":"closed","template":"","meta":[],"product_brand":[],"product_cat":[81,103],"product_tag":[50,106,51,52,108,111,53,54],"class_list":{"0":"post-7651","1":"product","2":"type-product","3":"status-publish","4":"has-post-thumbnail","6":"product_cat-akcesoria","7":"product_cat-kartridze","8":"product_tag-2-shot","9":"product_tag-bbglow","10":"product_tag-conc","11":"product_tag-doreme","12":"product_tag-meso","13":"product_tag-nano","14":"product_tag-pigmenty","15":"product_tag-pmushop","17":"first","18":"outofstock","19":"shipping-taxable","20":"purchasable","21":"product-type-simple"},"jetpack_sharing_enabled":true,"_links":{"self":[{"href":"https:\/\/doreme.pl\/en\/wp-json\/wp\/v2\/product\/7651","targetHints":{"allow":["GET"]}}],"collection":[{"href":"https:\/\/doreme.pl\/en\/wp-json\/wp\/v2\/product"}],"about":[{"href":"https:\/\/doreme.pl\/en\/wp-json\/wp\/v2\/types\/product"}],"replies":[{"embeddable":true,"href":"https:\/\/doreme.pl\/en\/wp-json\/wp\/v2\/comments?post=7651"}],"wp:featuredmedia":[{"embeddable":true,"href":"https:\/\/doreme.pl\/en\/wp-json\/wp\/v2\/media\/7707"}],"wp:attachment":[{"href":"https:\/\/doreme.pl\/en\/wp-json\/wp\/v2\/media?parent=7651"}],"wp:term":[{"taxonomy":"product_brand","embeddable":true,"href":"https:\/\/doreme.pl\/en\/wp-json\/wp\/v2\/product_brand?post=7651"},{"taxonomy":"product_cat","embeddable":true,"href":"https:\/\/doreme.pl\/en\/wp-json\/wp\/v2\/product_cat?post=7651"},{"taxonomy":"product_tag","embeddable":true,"href":"https:\/\/doreme.pl\/en\/wp-json\/wp\/v2\/product_tag?post=7651"}],"curies":[{"name":"wp","href":"https:\/\/api.w.org\/{rel}","templated":true}]}}