{"id":7799,"date":"2022-10-11T17:03:33","date_gmt":"2022-10-11T15:03:33","guid":{"rendered":"https:\/\/doreme.pl\/?post_type=product&#038;p=7799"},"modified":"2026-03-07T08:31:05","modified_gmt":"2026-03-07T07:31:05","slug":"czepek-jednorazowy","status":"publish","type":"product","link":"https:\/\/doreme.pl\/en\/product\/czepek-jednorazowy\/","title":{"rendered":"Disposable cap"},"content":{"rendered":"<p>Disposable protective cap with a delicate elastic band<\/p>\n<p>Comfortable and airy, in blue<\/p>\n<p>Price per package of 20 pieces<\/p>\n<p>Made in China<\/p>","protected":false},"excerpt":{"rendered":"<p>Czepek jednorazowy ochronny z w\u0142\u00f3kniny z delikatn\u0105 gumk\u0105 Wygodny i przewiewny, w kolorze niebieskim Cena za opakowanie 20 sztuk Wyprodukowano w Chinach<\/p>","protected":false},"featured_media":7842,"comment_status":"open","ping_status":"closed","template":"","meta":[],"product_brand":[],"product_cat":[81,116],"product_tag":[50,51,52,127,53,54],"class_list":{"0":"post-7799","1":"product","2":"type-product","3":"status-publish","4":"has-post-thumbnail","6":"product_cat-akcesoria","7":"product_cat-artykuly-ochronne","8":"product_tag-2-shot","9":"product_tag-conc","10":"product_tag-doreme","11":"product_tag-maseczka","12":"product_tag-pigmenty","13":"product_tag-pmushop","15":"first","16":"instock","17":"shipping-taxable","18":"purchasable","19":"product-type-simple"},"jetpack_sharing_enabled":true,"_links":{"self":[{"href":"https:\/\/doreme.pl\/en\/wp-json\/wp\/v2\/product\/7799","targetHints":{"allow":["GET"]}}],"collection":[{"href":"https:\/\/doreme.pl\/en\/wp-json\/wp\/v2\/product"}],"about":[{"href":"https:\/\/doreme.pl\/en\/wp-json\/wp\/v2\/types\/product"}],"replies":[{"embeddable":true,"href":"https:\/\/doreme.pl\/en\/wp-json\/wp\/v2\/comments?post=7799"}],"wp:featuredmedia":[{"embeddable":true,"href":"https:\/\/doreme.pl\/en\/wp-json\/wp\/v2\/media\/7842"}],"wp:attachment":[{"href":"https:\/\/doreme.pl\/en\/wp-json\/wp\/v2\/media?parent=7799"}],"wp:term":[{"taxonomy":"product_brand","embeddable":true,"href":"https:\/\/doreme.pl\/en\/wp-json\/wp\/v2\/product_brand?post=7799"},{"taxonomy":"product_cat","embeddable":true,"href":"https:\/\/doreme.pl\/en\/wp-json\/wp\/v2\/product_cat?post=7799"},{"taxonomy":"product_tag","embeddable":true,"href":"https:\/\/doreme.pl\/en\/wp-json\/wp\/v2\/product_tag?post=7799"}],"curies":[{"name":"wp","href":"https:\/\/api.w.org\/{rel}","templated":true}]}}