{"id":7838,"date":"2022-10-11T17:04:49","date_gmt":"2022-10-11T15:04:49","guid":{"rendered":"https:\/\/doreme.pl\/?post_type=product&#038;p=7838"},"modified":"2026-01-28T11:37:07","modified_gmt":"2026-01-28T10:37:07","slug":"kartridz-exy-1-liner","status":"publish","type":"product","link":"https:\/\/doreme.pl\/en\/product\/kartridz-exy-1-liner\/","title":{"rendered":"Exy 1 Liner Cartridge"},"content":{"rendered":"<p>Exy 1 Liner Cartridge, needle thickness 0.40 mm<\/p>\n<p>Disposable, sterilized cartridges for the EXY device.<\/p>\n<p>price for 1 piece<\/p>\n<p>Made in South Korea<\/p>\n<p>&nbsp;<\/p>","protected":false},"excerpt":{"rendered":"<p>Kartrid\u017c Exy 1 Liner, grubo\u015b\u0107 ig\u0142y 0,40mm Jednorazowe, sterylizowane kartrid\u017ce do urz\u0105dzenia EXY. cena za 1 sztuk\u0119 Wyprodukowano w Korei Po\u0142udniowej &nbsp;<\/p>","protected":false},"featured_media":7633,"comment_status":"open","ping_status":"closed","template":"","meta":[],"product_brand":[],"product_cat":[81,103],"product_tag":[50,51,52,104,53,54],"class_list":{"0":"post-7838","1":"product","2":"type-product","3":"status-publish","4":"has-post-thumbnail","6":"product_cat-akcesoria","7":"product_cat-kartridze","8":"product_tag-2-shot","9":"product_tag-conc","10":"product_tag-doreme","11":"product_tag-kartridz","12":"product_tag-pigmenty","13":"product_tag-pmushop","15":"first","16":"instock","17":"shipping-taxable","18":"purchasable","19":"product-type-simple"},"jetpack_sharing_enabled":true,"_links":{"self":[{"href":"https:\/\/doreme.pl\/en\/wp-json\/wp\/v2\/product\/7838","targetHints":{"allow":["GET"]}}],"collection":[{"href":"https:\/\/doreme.pl\/en\/wp-json\/wp\/v2\/product"}],"about":[{"href":"https:\/\/doreme.pl\/en\/wp-json\/wp\/v2\/types\/product"}],"replies":[{"embeddable":true,"href":"https:\/\/doreme.pl\/en\/wp-json\/wp\/v2\/comments?post=7838"}],"wp:featuredmedia":[{"embeddable":true,"href":"https:\/\/doreme.pl\/en\/wp-json\/wp\/v2\/media\/7633"}],"wp:attachment":[{"href":"https:\/\/doreme.pl\/en\/wp-json\/wp\/v2\/media?parent=7838"}],"wp:term":[{"taxonomy":"product_brand","embeddable":true,"href":"https:\/\/doreme.pl\/en\/wp-json\/wp\/v2\/product_brand?post=7838"},{"taxonomy":"product_cat","embeddable":true,"href":"https:\/\/doreme.pl\/en\/wp-json\/wp\/v2\/product_cat?post=7838"},{"taxonomy":"product_tag","embeddable":true,"href":"https:\/\/doreme.pl\/en\/wp-json\/wp\/v2\/product_tag?post=7838"}],"curies":[{"name":"wp","href":"https:\/\/api.w.org\/{rel}","templated":true}]}}