{"id":8117,"date":"2022-10-11T17:20:22","date_gmt":"2022-10-11T15:20:22","guid":{"rendered":"https:\/\/doreme.pl\/?post_type=product&#038;p=8117"},"modified":"2023-05-18T10:33:43","modified_gmt":"2023-05-18T08:33:43","slug":"mast-pen-do-makijazu-permanentnego-z-zasilaczem","status":"publish","type":"product","link":"https:\/\/doreme.pl\/en\/product\/mast-pen-do-makijazu-permanentnego-z-zasilaczem\/","title":{"rendered":"MAST Pen P30 with power adapter"},"content":{"rendered":"<p>MAST P30 Pen for permanent makeup, device for cartridges.<br \/>\nMAST HALO control panel included<br \/>\nThe power cord is attached with a strong magnet.<br \/>\nSuitable for pigmentation of eyebrows, lips, scalp, small tattoos and much more.<br \/>\nCompatible with most disposable cartridges available on the market.<\/p>\n<p>Model: WQ610-1<br \/>\nWeight: 77g<br \/>\nDiameter: 18 mm<br \/>\nLenght: 112 mm<br \/>\nNeedle pitch: 3.6mm<br \/>\nSpeed: 12800 rpm<\/p>\n<p>MAST HALO control panel<br \/>\nModel: P1215<br \/>\nWeight: 121g<br \/>\nDimensions: 90*90*43mm<br \/>\nInput voltage: AC100-240V 50\/60HZ DC12\/2A<br \/>\nOutput voltage: 1.5-12V 2A<br \/>\nPower: 24W<\/p>\n<p>Price for 1 set (pen + control panel)<\/p>\n<p>New product, 6 months warranty.<\/p>\n<p>Producer: MAST TATTOO Supply<\/p>\n<p>Made in China<\/p>","protected":false},"excerpt":{"rendered":"<p>MAST P30 &#8211; Pen do makija\u017cu permanentnego, urz\u0105dzenie na kartrid\u017ce. W zestawie panel steruj\u0105cy MAST HALO. Przew\u00f3d zasilaj\u0105cy mocowany przy u\u017cyciu silnego magnesu. Nadaj\u0105cy si\u0119 do pigmentacji brwi, ust, sk\u00f3ry&#8230;<\/p>","protected":false},"featured_media":8519,"comment_status":"open","ping_status":"closed","template":"","meta":[],"product_brand":[],"product_cat":[183,88],"product_tag":[50,51,52,179,53,180,54],"class_list":{"0":"post-8117","1":"product","2":"type-product","3":"status-publish","4":"has-post-thumbnail","6":"product_cat-mast","7":"product_cat-urzadzenia","8":"product_tag-2-shot","9":"product_tag-conc","10":"product_tag-doreme","11":"product_tag-mast","12":"product_tag-pigmenty","13":"product_tag-pmudevice","14":"product_tag-pmushop","16":"first","17":"outofstock","18":"shipping-taxable","19":"purchasable","20":"product-type-simple"},"jetpack_sharing_enabled":true,"_links":{"self":[{"href":"https:\/\/doreme.pl\/en\/wp-json\/wp\/v2\/product\/8117","targetHints":{"allow":["GET"]}}],"collection":[{"href":"https:\/\/doreme.pl\/en\/wp-json\/wp\/v2\/product"}],"about":[{"href":"https:\/\/doreme.pl\/en\/wp-json\/wp\/v2\/types\/product"}],"replies":[{"embeddable":true,"href":"https:\/\/doreme.pl\/en\/wp-json\/wp\/v2\/comments?post=8117"}],"wp:featuredmedia":[{"embeddable":true,"href":"https:\/\/doreme.pl\/en\/wp-json\/wp\/v2\/media\/8519"}],"wp:attachment":[{"href":"https:\/\/doreme.pl\/en\/wp-json\/wp\/v2\/media?parent=8117"}],"wp:term":[{"taxonomy":"product_brand","embeddable":true,"href":"https:\/\/doreme.pl\/en\/wp-json\/wp\/v2\/product_brand?post=8117"},{"taxonomy":"product_cat","embeddable":true,"href":"https:\/\/doreme.pl\/en\/wp-json\/wp\/v2\/product_cat?post=8117"},{"taxonomy":"product_tag","embeddable":true,"href":"https:\/\/doreme.pl\/en\/wp-json\/wp\/v2\/product_tag?post=8117"}],"curies":[{"name":"wp","href":"https:\/\/api.w.org\/{rel}","templated":true}]}}