{"id":8147,"date":"2022-10-11T17:20:47","date_gmt":"2022-10-11T15:20:47","guid":{"rendered":"https:\/\/doreme.pl\/?post_type=product&#038;p=8147"},"modified":"2025-07-19T08:23:15","modified_gmt":"2025-07-19T06:23:15","slug":"kartridz-1rl-040","status":"publish","type":"product","link":"https:\/\/doreme.pl\/en\/product\/kartridz-1rl-040\/","title":{"rendered":"Cartridge 1RL (0.40)"},"content":{"rendered":"<p>1RL Cartridge, needle size 0.40 mm<\/p>\n<p>For permanent makeup<\/p>\n<p>Disposable product, sterilized with EO gas<\/p>\n<p>price for 1 piece<\/p>\n<div>For professional use only<\/div>\n<div>Keep away from children<\/div>\n<div>Dispose of after use<\/div>\n<div><\/div>\n<div>Producer: AnHui ShangDi Cosmetics Co.,Ltd,<\/div>\n<p>Made in China<\/p>","protected":false},"excerpt":{"rendered":"<p>Kartrid\u017c 1RL, rozmiar ig\u0142y 0,40 mm Do wykonywania makija\u017cu permanentnego Produkt jednorazowy, sterylizowany gazem EO cena za 1 sztuk\u0119 Do u\u017cytku profesjonalnego Chroni\u0107 przed dzie\u0107mi Po u\u017cyciu podda\u0107 utylizacji Producent:&#8230;<\/p>","protected":false},"featured_media":8511,"comment_status":"open","ping_status":"closed","template":"","meta":[],"product_brand":[],"product_cat":[81,103],"product_tag":[50,106,51,52,104,108,111,53,54],"class_list":{"0":"post-8147","1":"product","2":"type-product","3":"status-publish","4":"has-post-thumbnail","6":"product_cat-akcesoria","7":"product_cat-kartridze","8":"product_tag-2-shot","9":"product_tag-bbglow","10":"product_tag-conc","11":"product_tag-doreme","12":"product_tag-kartridz","13":"product_tag-meso","14":"product_tag-nano","15":"product_tag-pigmenty","16":"product_tag-pmushop","18":"first","19":"outofstock","20":"shipping-taxable","21":"purchasable","22":"product-type-simple"},"jetpack_sharing_enabled":true,"_links":{"self":[{"href":"https:\/\/doreme.pl\/en\/wp-json\/wp\/v2\/product\/8147","targetHints":{"allow":["GET"]}}],"collection":[{"href":"https:\/\/doreme.pl\/en\/wp-json\/wp\/v2\/product"}],"about":[{"href":"https:\/\/doreme.pl\/en\/wp-json\/wp\/v2\/types\/product"}],"replies":[{"embeddable":true,"href":"https:\/\/doreme.pl\/en\/wp-json\/wp\/v2\/comments?post=8147"}],"wp:featuredmedia":[{"embeddable":true,"href":"https:\/\/doreme.pl\/en\/wp-json\/wp\/v2\/media\/8511"}],"wp:attachment":[{"href":"https:\/\/doreme.pl\/en\/wp-json\/wp\/v2\/media?parent=8147"}],"wp:term":[{"taxonomy":"product_brand","embeddable":true,"href":"https:\/\/doreme.pl\/en\/wp-json\/wp\/v2\/product_brand?post=8147"},{"taxonomy":"product_cat","embeddable":true,"href":"https:\/\/doreme.pl\/en\/wp-json\/wp\/v2\/product_cat?post=8147"},{"taxonomy":"product_tag","embeddable":true,"href":"https:\/\/doreme.pl\/en\/wp-json\/wp\/v2\/product_tag?post=8147"}],"curies":[{"name":"wp","href":"https:\/\/api.w.org\/{rel}","templated":true}]}}