{"id":8210,"date":"2022-10-11T17:21:41","date_gmt":"2022-10-11T15:21:41","guid":{"rendered":"https:\/\/doreme.pl\/?post_type=product&#038;p=8210"},"modified":"2026-05-04T21:29:06","modified_gmt":"2026-05-04T19:29:06","slug":"peseta-do-regulacji-brwi","status":"publish","type":"product","link":"https:\/\/doreme.pl\/en\/product\/peseta-do-regulacji-brwi\/","title":{"rendered":"Eyebrow tweezers"},"content":{"rendered":"<p>Black eyebrow tweezers<\/p>\n<p>Material: stainless steel,<\/p>\n<p>Weight 20 g<\/p>\n<p>Price for 1 piece<\/p>\n<p>Made in China<\/p>","protected":false},"excerpt":{"rendered":"<p>P\u0119seta do regulacji brwi czarna Materia\u0142: stal nierdzewna, Waga 20g Cena za 1 sztuk\u0119 Wyprodukowano w Chinach<\/p>","protected":false},"featured_media":9974,"comment_status":"open","ping_status":"closed","template":"","meta":[],"product_brand":[],"product_cat":[81,100],"product_tag":[50,51,52,53,54],"class_list":{"0":"post-8210","1":"product","2":"type-product","3":"status-publish","4":"has-post-thumbnail","6":"product_cat-akcesoria","7":"product_cat-regulacja-brwi","8":"product_tag-2-shot","9":"product_tag-conc","10":"product_tag-doreme","11":"product_tag-pigmenty","12":"product_tag-pmushop","14":"first","15":"instock","16":"shipping-taxable","17":"purchasable","18":"product-type-simple"},"jetpack_sharing_enabled":true,"_links":{"self":[{"href":"https:\/\/doreme.pl\/en\/wp-json\/wp\/v2\/product\/8210","targetHints":{"allow":["GET"]}}],"collection":[{"href":"https:\/\/doreme.pl\/en\/wp-json\/wp\/v2\/product"}],"about":[{"href":"https:\/\/doreme.pl\/en\/wp-json\/wp\/v2\/types\/product"}],"replies":[{"embeddable":true,"href":"https:\/\/doreme.pl\/en\/wp-json\/wp\/v2\/comments?post=8210"}],"wp:featuredmedia":[{"embeddable":true,"href":"https:\/\/doreme.pl\/en\/wp-json\/wp\/v2\/media\/9974"}],"wp:attachment":[{"href":"https:\/\/doreme.pl\/en\/wp-json\/wp\/v2\/media?parent=8210"}],"wp:term":[{"taxonomy":"product_brand","embeddable":true,"href":"https:\/\/doreme.pl\/en\/wp-json\/wp\/v2\/product_brand?post=8210"},{"taxonomy":"product_cat","embeddable":true,"href":"https:\/\/doreme.pl\/en\/wp-json\/wp\/v2\/product_cat?post=8210"},{"taxonomy":"product_tag","embeddable":true,"href":"https:\/\/doreme.pl\/en\/wp-json\/wp\/v2\/product_tag?post=8210"}],"curies":[{"name":"wp","href":"https:\/\/api.w.org\/{rel}","templated":true}]}}