{"id":8265,"date":"2022-10-13T14:32:41","date_gmt":"2022-10-13T12:32:41","guid":{"rendered":"https:\/\/doreme.pl\/?post_type=product&#038;p=8265"},"modified":"2026-02-02T10:06:46","modified_gmt":"2026-02-02T09:06:46","slug":"pen-do-makijazu-vk","status":"publish","type":"product","link":"https:\/\/doreme.pl\/en\/product\/pen-do-makijazu-vk\/","title":{"rendered":"PMU pen VK+"},"content":{"rendered":"<p>Pen for permanent makeup and mesotherapy, model VK+ EM-189, device for <a href=\"https:\/\/doreme.pl\/en\/?s=nabojowy\">cartrigdes<\/a>.<br \/>\nSuitable for pigmentation of eyebrows, lips, scalp, small tattoos and much more.<\/p>\n<p>Model: VK+ (EM-189)<br \/>\nWeight: 250g<br \/>\nDiameter: 20mm<br \/>\nNeedle pitch: 0-2.5 mm<br \/>\nSpeed: 12000 rpm<\/p>\n<p>Integrated control panel with speed switch - 5 gears.<\/p>\n<p>Price for 1 piece<\/p>\n<p>New product, 12 months warranty.<\/p>\n<p>Producer: Pujiang Solong Intelligent Technology Co.,Ltd.<\/p>\n<p>Made in China<\/p>","protected":false},"excerpt":{"rendered":"<p>Pen do makija\u017cu permanentnego oraz mezoterapii, model VK+ EM-189, urz\u0105dzenie na kartrid\u017ce nabojowe. Nadaj\u0105cy si\u0119 do pigmentacji brwi, ust, sk\u00f3ry g\u0142owy, ma\u0142ych tatua\u017cy i wielu innych. Model: VK+ (EM-189) Waga:&#8230;<\/p>","protected":false},"featured_media":8548,"comment_status":"open","ping_status":"closed","template":"","meta":[],"product_brand":[],"product_cat":[88,112],"product_tag":[50,51,52,179,53,180,54],"class_list":{"0":"post-8265","1":"product","2":"type-product","3":"status-publish","4":"has-post-thumbnail","6":"product_cat-urzadzenia","7":"product_cat-nowosci","8":"product_tag-2-shot","9":"product_tag-conc","10":"product_tag-doreme","11":"product_tag-mast","12":"product_tag-pigmenty","13":"product_tag-pmudevice","14":"product_tag-pmushop","16":"first","17":"instock","18":"sale","19":"shipping-taxable","20":"purchasable","21":"product-type-simple"},"jetpack_sharing_enabled":true,"_links":{"self":[{"href":"https:\/\/doreme.pl\/en\/wp-json\/wp\/v2\/product\/8265","targetHints":{"allow":["GET"]}}],"collection":[{"href":"https:\/\/doreme.pl\/en\/wp-json\/wp\/v2\/product"}],"about":[{"href":"https:\/\/doreme.pl\/en\/wp-json\/wp\/v2\/types\/product"}],"replies":[{"embeddable":true,"href":"https:\/\/doreme.pl\/en\/wp-json\/wp\/v2\/comments?post=8265"}],"wp:featuredmedia":[{"embeddable":true,"href":"https:\/\/doreme.pl\/en\/wp-json\/wp\/v2\/media\/8548"}],"wp:attachment":[{"href":"https:\/\/doreme.pl\/en\/wp-json\/wp\/v2\/media?parent=8265"}],"wp:term":[{"taxonomy":"product_brand","embeddable":true,"href":"https:\/\/doreme.pl\/en\/wp-json\/wp\/v2\/product_brand?post=8265"},{"taxonomy":"product_cat","embeddable":true,"href":"https:\/\/doreme.pl\/en\/wp-json\/wp\/v2\/product_cat?post=8265"},{"taxonomy":"product_tag","embeddable":true,"href":"https:\/\/doreme.pl\/en\/wp-json\/wp\/v2\/product_tag?post=8265"}],"curies":[{"name":"wp","href":"https:\/\/api.w.org\/{rel}","templated":true}]}}