{"id":8929,"date":"2022-12-29T09:05:15","date_gmt":"2022-12-29T08:05:15","guid":{"rendered":"https:\/\/doreme.pl\/?post_type=product&#038;p=8929"},"modified":"2026-05-13T20:57:44","modified_gmt":"2026-05-13T18:57:44","slug":"peseta-do-brwi","status":"publish","type":"product","link":"https:\/\/doreme.pl\/en\/product\/peseta-do-brwi\/","title":{"rendered":"P\u0119seta do brwi z\u0142ota"},"content":{"rendered":"<div id=\"tab_opis\" class=\"kontener show\">\n<p>Profesjonalna, z\u0142ota p\u0119seta do depilacji, regulacji brwi. Lekka i bardzo wytrzyma\u0142a. Bardzo wysokiej jako\u015bci.<\/p>\n<p>Zapakowana w akrylow\u0105 fiolk\u0119 zabezpieczaj\u0105c\u0105 przed uszkodzeniem.<\/p>\n<p>D\u0142ugo\u015b\u0107 ca\u0142kowita &#8211; 9,6 cm<\/p>\n<p>Szeroko\u015b\u0107\u00a0 ko\u0144c\u00f3wki p\u0119sety- 3\u00a0 mm<\/p>\n<\/div>\n<p><span data-spm-anchor-id=\"a2g0o.detail.1000023.i0.5be127a7R5O6TI\">Materia\u0142: stal nierdzewna<\/span><\/p>\n<p>Rozmiar produktu: 9.6*1.1*0.5cm<\/p>\n<p>Waga produktu: oko\u0142o 20g<\/p>\n<p>Kolor: z\u0142oty<\/p>\n<p>Price for 1 piece<\/p>\n<p>Made in China<\/p>","protected":false},"excerpt":{"rendered":"<p>Profesjonalna, z\u0142ota p\u0119seta do depilacji, regulacji brwi. Lekka i bardzo wytrzyma\u0142a. Bardzo wysokiej jako\u015bci. Zapakowana w akrylow\u0105 fiolk\u0119 zabezpieczaj\u0105c\u0105 przed uszkodzeniem. D\u0142ugo\u015b\u0107 ca\u0142kowita &#8211; 9,6 cm Szeroko\u015b\u0107\u00a0 ko\u0144c\u00f3wki p\u0119sety- 3\u00a0&#8230;<\/p>","protected":false},"featured_media":9970,"comment_status":"open","ping_status":"closed","template":"","meta":[],"product_brand":[],"product_cat":[81,100],"product_tag":[50,51,52,53,54],"class_list":{"0":"post-8929","1":"product","2":"type-product","3":"status-publish","4":"has-post-thumbnail","6":"product_cat-akcesoria","7":"product_cat-regulacja-brwi","8":"product_tag-2-shot","9":"product_tag-conc","10":"product_tag-doreme","11":"product_tag-pigmenty","12":"product_tag-pmushop","14":"first","15":"instock","16":"shipping-taxable","17":"purchasable","18":"product-type-simple"},"jetpack_sharing_enabled":true,"_links":{"self":[{"href":"https:\/\/doreme.pl\/en\/wp-json\/wp\/v2\/product\/8929","targetHints":{"allow":["GET"]}}],"collection":[{"href":"https:\/\/doreme.pl\/en\/wp-json\/wp\/v2\/product"}],"about":[{"href":"https:\/\/doreme.pl\/en\/wp-json\/wp\/v2\/types\/product"}],"replies":[{"embeddable":true,"href":"https:\/\/doreme.pl\/en\/wp-json\/wp\/v2\/comments?post=8929"}],"wp:featuredmedia":[{"embeddable":true,"href":"https:\/\/doreme.pl\/en\/wp-json\/wp\/v2\/media\/9970"}],"wp:attachment":[{"href":"https:\/\/doreme.pl\/en\/wp-json\/wp\/v2\/media?parent=8929"}],"wp:term":[{"taxonomy":"product_brand","embeddable":true,"href":"https:\/\/doreme.pl\/en\/wp-json\/wp\/v2\/product_brand?post=8929"},{"taxonomy":"product_cat","embeddable":true,"href":"https:\/\/doreme.pl\/en\/wp-json\/wp\/v2\/product_cat?post=8929"},{"taxonomy":"product_tag","embeddable":true,"href":"https:\/\/doreme.pl\/en\/wp-json\/wp\/v2\/product_tag?post=8929"}],"curies":[{"name":"wp","href":"https:\/\/api.w.org\/{rel}","templated":true}]}}