{"id":9451,"date":"2023-03-08T08:53:00","date_gmt":"2023-03-08T07:53:00","guid":{"rendered":"https:\/\/doreme.pl\/?post_type=product&#038;p=9451"},"modified":"2025-11-13T13:24:28","modified_gmt":"2025-11-13T12:24:28","slug":"kartridz-mast-pro-1rl-035-1szt","status":"publish","type":"product","link":"https:\/\/doreme.pl\/en\/product\/kartridz-mast-pro-1rl-035-1szt\/","title":{"rendered":"MAST Pro 1RL Cartridge 0.35 mm (1pc)"},"content":{"rendered":"<p>MAST PRO 1RL Cartridge, needle thickness 0.35 mm<\/p>\n<p>Model: 1201RL<\/p>\n<p>The cartridge for permanent makeup is an integrated system of a needle with a cap (module) that ensures safety and hygiene during the procedure.<br \/>\nEach cartridge has a serial number and a date of manufacture and expiration.<br \/>\nSterilized with E.O. gas, 5 years sterilization validity.<\/p>\n<p>price for 1 piece, 10 pieces in a box<\/p>\n<div>For professional use only<\/div>\n<div>Keep away from children<\/div>\n<div>Disposable product, dispose of after use<\/div>\n<div>Made in China<\/div>","protected":false},"excerpt":{"rendered":"<p>Kartrid\u017c MAST PRO 1RL, grubo\u015b\u0107 ig\u0142y 0,35mm Model: 1201RL Kartrid\u017c do makija\u017cu permanentnego to zintegrowany system ig\u0142y z nasadk\u0105 (modu\u0142), kt\u00f3ry zapewnia zachowanie bezpiecze\u0144stwa i higieny podczas zabiegu. Ka\u017cdy kartrid\u017c&#8230;<\/p>","protected":false},"featured_media":8512,"comment_status":"open","ping_status":"closed","template":"","meta":[],"product_brand":[],"product_cat":[183,81,103],"product_tag":[50,106,51,52,104,179,108,111,53,54],"class_list":{"0":"post-9451","1":"product","2":"type-product","3":"status-publish","4":"has-post-thumbnail","6":"product_cat-mast","7":"product_cat-akcesoria","8":"product_cat-kartridze","9":"product_tag-2-shot","10":"product_tag-bbglow","11":"product_tag-conc","12":"product_tag-doreme","13":"product_tag-kartridz","14":"product_tag-mast","15":"product_tag-meso","16":"product_tag-nano","17":"product_tag-pigmenty","18":"product_tag-pmushop","20":"first","21":"instock","22":"shipping-taxable","23":"purchasable","24":"product-type-simple"},"jetpack_sharing_enabled":true,"_links":{"self":[{"href":"https:\/\/doreme.pl\/en\/wp-json\/wp\/v2\/product\/9451","targetHints":{"allow":["GET"]}}],"collection":[{"href":"https:\/\/doreme.pl\/en\/wp-json\/wp\/v2\/product"}],"about":[{"href":"https:\/\/doreme.pl\/en\/wp-json\/wp\/v2\/types\/product"}],"replies":[{"embeddable":true,"href":"https:\/\/doreme.pl\/en\/wp-json\/wp\/v2\/comments?post=9451"}],"wp:featuredmedia":[{"embeddable":true,"href":"https:\/\/doreme.pl\/en\/wp-json\/wp\/v2\/media\/8512"}],"wp:attachment":[{"href":"https:\/\/doreme.pl\/en\/wp-json\/wp\/v2\/media?parent=9451"}],"wp:term":[{"taxonomy":"product_brand","embeddable":true,"href":"https:\/\/doreme.pl\/en\/wp-json\/wp\/v2\/product_brand?post=9451"},{"taxonomy":"product_cat","embeddable":true,"href":"https:\/\/doreme.pl\/en\/wp-json\/wp\/v2\/product_cat?post=9451"},{"taxonomy":"product_tag","embeddable":true,"href":"https:\/\/doreme.pl\/en\/wp-json\/wp\/v2\/product_tag?post=9451"}],"curies":[{"name":"wp","href":"https:\/\/api.w.org\/{rel}","templated":true}]}}