{"id":9972,"date":"2023-05-05T09:52:11","date_gmt":"2023-05-05T07:52:11","guid":{"rendered":"https:\/\/doreme.pl\/?post_type=product&#038;p=9972"},"modified":"2025-06-09T22:36:46","modified_gmt":"2025-06-09T20:36:46","slug":"peseta-do-brwi-srebrna","status":"publish","type":"product","link":"https:\/\/doreme.pl\/en\/product\/peseta-do-brwi-srebrna\/","title":{"rendered":"Silver eyebrow tweezers"},"content":{"rendered":"<div id=\"tab_opis\" class=\"kontener show\">\n<p>Profesjonalna, srebrna p\u0119seta do depilacji, regulacji brwi. Lekka i bardzo wytrzyma\u0142a. Bardzo wysokiej jako\u015bci.<\/p>\n<p>Zapakowana w akrylow\u0105 fiolk\u0119 zabezpieczaj\u0105c\u0105 przed uszkodzeniem.<\/p>\n<p>D\u0142ugo\u015b\u0107 ca\u0142kowita &#8211; 9,6 cm<\/p>\n<p>Szeroko\u015b\u0107\u00a0 ko\u0144c\u00f3wki p\u0119sety- 3\u00a0 mm<\/p>\n<\/div>\n<p><span data-spm-anchor-id=\"a2g0o.detail.1000023.i0.5be127a7R5O6TI\">Materia\u0142: stal nierdzewna<\/span><\/p>\n<p>Rozmiar produktu: 9.6*1.1*0.5cm<\/p>\n<p>Waga produktu: oko\u0142o 20g<\/p>\n<p>Kolor: srebrny<\/p>\n<p>Price for 1 piece<\/p>\n<p>Made in China<\/p>","protected":false},"excerpt":{"rendered":"<p>Profesjonalna, srebrna p\u0119seta do depilacji, regulacji brwi. Lekka i bardzo wytrzyma\u0142a. Bardzo wysokiej jako\u015bci. Zapakowana w akrylow\u0105 fiolk\u0119 zabezpieczaj\u0105c\u0105 przed uszkodzeniem. D\u0142ugo\u015b\u0107 ca\u0142kowita &#8211; 9,6 cm Szeroko\u015b\u0107\u00a0 ko\u0144c\u00f3wki p\u0119sety- 3\u00a0&#8230;<\/p>","protected":false},"featured_media":9973,"comment_status":"open","ping_status":"closed","template":"","meta":[],"product_brand":[],"product_cat":[81,100],"product_tag":[50,51,52,53,54],"class_list":{"0":"post-9972","1":"product","2":"type-product","3":"status-publish","4":"has-post-thumbnail","6":"product_cat-akcesoria","7":"product_cat-regulacja-brwi","8":"product_tag-2-shot","9":"product_tag-conc","10":"product_tag-doreme","11":"product_tag-pigmenty","12":"product_tag-pmushop","14":"first","15":"instock","16":"shipping-taxable","17":"purchasable","18":"product-type-simple"},"jetpack_sharing_enabled":true,"_links":{"self":[{"href":"https:\/\/doreme.pl\/en\/wp-json\/wp\/v2\/product\/9972","targetHints":{"allow":["GET"]}}],"collection":[{"href":"https:\/\/doreme.pl\/en\/wp-json\/wp\/v2\/product"}],"about":[{"href":"https:\/\/doreme.pl\/en\/wp-json\/wp\/v2\/types\/product"}],"replies":[{"embeddable":true,"href":"https:\/\/doreme.pl\/en\/wp-json\/wp\/v2\/comments?post=9972"}],"wp:featuredmedia":[{"embeddable":true,"href":"https:\/\/doreme.pl\/en\/wp-json\/wp\/v2\/media\/9973"}],"wp:attachment":[{"href":"https:\/\/doreme.pl\/en\/wp-json\/wp\/v2\/media?parent=9972"}],"wp:term":[{"taxonomy":"product_brand","embeddable":true,"href":"https:\/\/doreme.pl\/en\/wp-json\/wp\/v2\/product_brand?post=9972"},{"taxonomy":"product_cat","embeddable":true,"href":"https:\/\/doreme.pl\/en\/wp-json\/wp\/v2\/product_cat?post=9972"},{"taxonomy":"product_tag","embeddable":true,"href":"https:\/\/doreme.pl\/en\/wp-json\/wp\/v2\/product_tag?post=9972"}],"curies":[{"name":"wp","href":"https:\/\/api.w.org\/{rel}","templated":true}]}}